{"id":12887,"date":"2022-05-02T14:44:02","date_gmt":"2022-05-02T14:44:02","guid":{"rendered":"https:\/\/anota.ai\/home\/?page_id=12887"},"modified":"2026-03-24T17:13:31","modified_gmt":"2026-03-24T20:13:31","slug":"vagas","status":"publish","type":"page","link":"https:\/\/anota.ai\/home\/vagas\/","title":{"rendered":"Vagas"},"content":{"rendered":"\t\t<div data-elementor-type=\"wp-page\" data-elementor-id=\"12887\" class=\"elementor elementor-12887\" data-elementor-post-type=\"page\">\n\t\t\t\t\t\t<section class=\"elementor-section elementor-top-section elementor-element elementor-element-3a762d40 elementor-section-content-middle elementor-section-boxed elementor-section-height-default elementor-section-height-default\" data-id=\"3a762d40\" data-element_type=\"section\" data-settings=\"{&quot;background_background&quot;:&quot;classic&quot;}\">\n\t\t\t\t\t\t<div class=\"elementor-container elementor-column-gap-wide\">\n\t\t\t\t\t<div class=\"elementor-column elementor-col-50 elementor-top-column elementor-element elementor-element-1d64cca9\" data-id=\"1d64cca9\" data-element_type=\"column\">\n\t\t\t<div class=\"elementor-widget-wrap elementor-element-populated\">\n\t\t\t\t\t\t<div class=\"elementor-element elementor-element-c329f0a elementor-widget elementor-widget-text-editor\" data-id=\"c329f0a\" data-element_type=\"widget\" data-widget_type=\"text-editor.default\">\n\t\t\t\t<div class=\"elementor-widget-container\">\n\t\t\t\t\t\t\t\t\t<p>Desde 2017 mudando a hist\u00f3ria de milhares de deliveries para melhor, conhe\u00e7a a Anota AI<\/p>\t\t\t\t\t\t\t\t<\/div>\n\t\t\t\t<\/div>\n\t\t\t\t<div class=\"elementor-element elementor-element-ade2a0f elementor-widget elementor-widget-text-editor\" data-id=\"ade2a0f\" data-element_type=\"widget\" data-widget_type=\"text-editor.default\">\n\t\t\t\t<div class=\"elementor-widget-container\">\n\t\t\t\t\t\t\t\t\t<p>Com a expans\u00e3o dos servi\u00e7os para mais de 14.700 estabelecimentos de deliveries, a empresa agora conta com mais de 100 colaboradores. Desde mar\u00e7o de 2020, a Anota AI trabalha em home office e tem colaboradores em diversos estados do Brasil.<\/p>\t\t\t\t\t\t\t\t<\/div>\n\t\t\t\t<\/div>\n\t\t\t\t<div class=\"elementor-element elementor-element-e17f811 elementor-align-left elementor-mobile-align-center elementor-widget elementor-widget-button\" data-id=\"e17f811\" data-element_type=\"widget\" data-widget_type=\"button.default\">\n\t\t\t\t<div class=\"elementor-widget-container\">\n\t\t\t\t\t\t\t\t\t<div class=\"elementor-button-wrapper\">\n\t\t\t\t\t<a class=\"elementor-button elementor-button-link elementor-size-sm\" href=\"https:\/\/anotaai.gupy.io\/\" target=\"_blank\" rel=\"noopener\">\n\t\t\t\t\t\t<span class=\"elementor-button-content-wrapper\">\n\t\t\t\t\t\t\t\t\t<span class=\"elementor-button-text\">Fa\u00e7a parte dessa hist\u00f3ria<\/span>\n\t\t\t\t\t<\/span>\n\t\t\t\t\t<\/a>\n\t\t\t\t<\/div>\n\t\t\t\t\t\t\t\t<\/div>\n\t\t\t\t<\/div>\n\t\t\t\t\t<\/div>\n\t\t<\/div>\n\t\t\t\t<div class=\"elementor-column elementor-col-50 elementor-top-column elementor-element elementor-element-5222be80\" data-id=\"5222be80\" data-element_type=\"column\">\n\t\t\t<div class=\"elementor-widget-wrap elementor-element-populated\">\n\t\t\t\t\t\t<div class=\"elementor-element elementor-element-3041b6f elementor-hidden-mobile elementor-widget elementor-widget-image\" data-id=\"3041b6f\" data-element_type=\"widget\" data-widget_type=\"image.default\">\n\t\t\t\t<div class=\"elementor-widget-container\">\n\t\t\t\t\t\t\t\t\t\t\t\t\t\t\t<img fetchpriority=\"high\" decoding=\"async\" width=\"800\" height=\"629\" src=\"https:\/\/anota.ai\/home\/wp-content\/uploads\/sites\/4\/2022\/05\/Parceria-1024x805.png\" class=\"attachment-large size-large wp-image-12890\" alt=\"\" srcset=\"https:\/\/anota.ai\/home\/wp-content\/uploads\/sites\/4\/2022\/05\/Parceria-1024x805.png 1024w, https:\/\/anota.ai\/home\/wp-content\/uploads\/sites\/4\/2022\/05\/Parceria-300x236.png 300w, https:\/\/anota.ai\/home\/wp-content\/uploads\/sites\/4\/2022\/05\/Parceria-768x604.png 768w, https:\/\/anota.ai\/home\/wp-content\/uploads\/sites\/4\/2022\/05\/Parceria.png 1498w\" sizes=\"(max-width: 800px) 100vw, 800px\" \/>\t\t\t\t\t\t\t\t\t\t\t\t\t\t\t<\/div>\n\t\t\t\t<\/div>\n\t\t\t\t\t<\/div>\n\t\t<\/div>\n\t\t\t\t\t<\/div>\n\t\t<\/section>\n\t\t\t\t<section class=\"elementor-section elementor-top-section elementor-element elementor-element-6a346aa6 elementor-section-boxed elementor-section-height-default elementor-section-height-default\" data-id=\"6a346aa6\" data-element_type=\"section\" data-settings=\"{&quot;background_background&quot;:&quot;classic&quot;}\">\n\t\t\t\t\t\t<div class=\"elementor-container elementor-column-gap-default\">\n\t\t\t\t\t<div class=\"elementor-column elementor-col-100 elementor-top-column elementor-element elementor-element-453c027e\" data-id=\"453c027e\" data-element_type=\"column\">\n\t\t\t<div class=\"elementor-widget-wrap elementor-element-populated\">\n\t\t\t\t\t\t<div class=\"elementor-element elementor-element-6843edec elementor-widget elementor-widget-text-editor\" data-id=\"6843edec\" data-element_type=\"widget\" data-widget_type=\"text-editor.default\">\n\t\t\t\t<div class=\"elementor-widget-container\">\n\t\t\t\t\t\t\t\t\t<p style=\"text-align: center;\">Interessado em fazer parte de nossa equipe?<\/p>\t\t\t\t\t\t\t\t<\/div>\n\t\t\t\t<\/div>\n\t\t\t\t<div class=\"elementor-element elementor-element-45a970c2 elementor-align-center elementor-mobile-align-center elementor-widget elementor-widget-button\" data-id=\"45a970c2\" data-element_type=\"widget\" data-widget_type=\"button.default\">\n\t\t\t\t<div class=\"elementor-widget-container\">\n\t\t\t\t\t\t\t\t\t<div class=\"elementor-button-wrapper\">\n\t\t\t\t\t<a class=\"elementor-button elementor-button-link elementor-size-sm\" href=\"https:\/\/anotaai.gupy.io\/\" target=\"_blank\" rel=\"noopener\">\n\t\t\t\t\t\t<span class=\"elementor-button-content-wrapper\">\n\t\t\t\t\t\t\t\t\t<span class=\"elementor-button-text\">Ver vagas em aberto<\/span>\n\t\t\t\t\t<\/span>\n\t\t\t\t\t<\/a>\n\t\t\t\t<\/div>\n\t\t\t\t\t\t\t\t<\/div>\n\t\t\t\t<\/div>\n\t\t\t\t\t<\/div>\n\t\t<\/div>\n\t\t\t\t\t<\/div>\n\t\t<\/section>\n\t\t\t\t<section class=\"elementor-section elementor-top-section elementor-element elementor-element-9bb7a15 elementor-section-boxed elementor-section-height-default elementor-section-height-default\" data-id=\"9bb7a15\" data-element_type=\"section\" data-settings=\"{&quot;background_background&quot;:&quot;classic&quot;}\">\n\t\t\t\t\t\t<div class=\"elementor-container elementor-column-gap-default\">\n\t\t\t\t\t<div class=\"elementor-column elementor-col-50 elementor-top-column elementor-element elementor-element-e986462\" data-id=\"e986462\" data-element_type=\"column\">\n\t\t\t<div class=\"elementor-widget-wrap elementor-element-populated\">\n\t\t\t\t\t\t<div class=\"elementor-element elementor-element-237c74ce elementor-widget elementor-widget-image\" data-id=\"237c74ce\" data-element_type=\"widget\" data-widget_type=\"image.default\">\n\t\t\t\t<div class=\"elementor-widget-container\">\n\t\t\t\t\t\t\t\t\t\t\t\t\t\t\t<img decoding=\"async\" width=\"300\" height=\"300\" src=\"https:\/\/anota.ai\/home\/wp-content\/uploads\/sites\/4\/2022\/01\/Mapa-do-brasil-anota-ai-300x300.png\" class=\"attachment-medium size-medium wp-image-1111\" alt=\"\" srcset=\"https:\/\/anota.ai\/home\/wp-content\/uploads\/sites\/4\/2022\/01\/Mapa-do-brasil-anota-ai-300x300.png 300w, https:\/\/anota.ai\/home\/wp-content\/uploads\/sites\/4\/2022\/01\/Mapa-do-brasil-anota-ai-150x150.png 150w, https:\/\/anota.ai\/home\/wp-content\/uploads\/sites\/4\/2022\/01\/Mapa-do-brasil-anota-ai.png 444w\" sizes=\"(max-width: 300px) 100vw, 300px\" \/>\t\t\t\t\t\t\t\t\t\t\t\t\t\t\t<\/div>\n\t\t\t\t<\/div>\n\t\t\t\t\t<\/div>\n\t\t<\/div>\n\t\t\t\t<div class=\"elementor-column elementor-col-50 elementor-top-column elementor-element elementor-element-6623b79\" data-id=\"6623b79\" data-element_type=\"column\">\n\t\t\t<div class=\"elementor-widget-wrap elementor-element-populated\">\n\t\t\t\t\t\t<div class=\"elementor-element elementor-element-caab5ef elementor-widget elementor-widget-spacer\" data-id=\"caab5ef\" data-element_type=\"widget\" data-widget_type=\"spacer.default\">\n\t\t\t\t<div class=\"elementor-widget-container\">\n\t\t\t\t\t\t\t<div class=\"elementor-spacer\">\n\t\t\t<div class=\"elementor-spacer-inner\"><\/div>\n\t\t<\/div>\n\t\t\t\t\t\t<\/div>\n\t\t\t\t<\/div>\n\t\t\t\t<div class=\"elementor-element elementor-element-14b03ab5 elementor-widget elementor-widget-text-editor\" data-id=\"14b03ab5\" data-element_type=\"widget\" data-widget_type=\"text-editor.default\">\n\t\t\t\t<div class=\"elementor-widget-container\">\n\t\t\t\t\t\t\t\t\t<p>Da universidade para todos os estados do Brasil<\/p>\t\t\t\t\t\t\t\t<\/div>\n\t\t\t\t<\/div>\n\t\t\t\t<div class=\"elementor-element elementor-element-7d692136 elementor-widget__width-initial elementor-widget elementor-widget-text-editor\" data-id=\"7d692136\" data-element_type=\"widget\" data-widget_type=\"text-editor.default\">\n\t\t\t\t<div class=\"elementor-widget-container\">\n\t\t\t\t\t\t\t\t\t<p>A hist\u00f3ria da Anota AI come\u00e7ou quando amigos rec\u00e9m-formados solicitaram um lanche e perceberam a demora frustrante no atendimento dos deliveries via rede social!<\/p><p>Em seguida, o sistema foi criado e surgiu a primeira startup do munic\u00edpio de Rio Grande\/RS, sediada no Parque Cient\u00edfico e Tecnol\u00f3gico da Universidade Federal do Rio Grande \u2013 Oceantec.<\/p>\t\t\t\t\t\t\t\t<\/div>\n\t\t\t\t<\/div>\n\t\t\t\t<div class=\"elementor-element elementor-element-b5d0994 elementor-hidden-mobile elementor-widget elementor-widget-spacer\" data-id=\"b5d0994\" data-element_type=\"widget\" data-widget_type=\"spacer.default\">\n\t\t\t\t<div class=\"elementor-widget-container\">\n\t\t\t\t\t\t\t<div class=\"elementor-spacer\">\n\t\t\t<div class=\"elementor-spacer-inner\"><\/div>\n\t\t<\/div>\n\t\t\t\t\t\t<\/div>\n\t\t\t\t<\/div>\n\t\t\t\t\t<\/div>\n\t\t<\/div>\n\t\t\t\t\t<\/div>\n\t\t<\/section>\n\t\t\t\t<section class=\"elementor-section elementor-top-section elementor-element elementor-element-f03f105 elementor-section-boxed elementor-section-height-default elementor-section-height-default\" data-id=\"f03f105\" data-element_type=\"section\" data-settings=\"{&quot;background_background&quot;:&quot;classic&quot;}\">\n\t\t\t\t\t\t<div class=\"elementor-container elementor-column-gap-default\">\n\t\t\t\t\t<div class=\"elementor-column elementor-col-100 elementor-top-column elementor-element elementor-element-d8b4513\" data-id=\"d8b4513\" data-element_type=\"column\">\n\t\t\t<div class=\"elementor-widget-wrap elementor-element-populated\">\n\t\t\t\t\t\t<div class=\"elementor-element elementor-element-67e959a elementor-widget elementor-widget-spacer\" data-id=\"67e959a\" data-element_type=\"widget\" data-widget_type=\"spacer.default\">\n\t\t\t\t<div class=\"elementor-widget-container\">\n\t\t\t\t\t\t\t<div class=\"elementor-spacer\">\n\t\t\t<div class=\"elementor-spacer-inner\"><\/div>\n\t\t<\/div>\n\t\t\t\t\t\t<\/div>\n\t\t\t\t<\/div>\n\t\t\t\t<div class=\"elementor-element elementor-element-c56a9ef elementor-widget elementor-widget-text-editor\" data-id=\"c56a9ef\" data-element_type=\"widget\" data-widget_type=\"text-editor.default\">\n\t\t\t\t<div class=\"elementor-widget-container\">\n\t\t\t\t\t\t\t\t\t<p>Compromisso com equidade de g\u00eanero e transpar\u00eancia salarial<\/p>\t\t\t\t\t\t\t\t<\/div>\n\t\t\t\t<\/div>\n\t\t\t\t<section class=\"elementor-section elementor-inner-section elementor-element elementor-element-5831228 elementor-section-boxed elementor-section-height-default elementor-section-height-default\" data-id=\"5831228\" data-element_type=\"section\">\n\t\t\t\t\t\t<div class=\"elementor-container elementor-column-gap-default\">\n\t\t\t\t\t<div class=\"elementor-column elementor-col-50 elementor-inner-column elementor-element elementor-element-796bc1f\" data-id=\"796bc1f\" data-element_type=\"column\">\n\t\t\t<div class=\"elementor-widget-wrap elementor-element-populated\">\n\t\t\t\t\t\t<div class=\"elementor-element elementor-element-3082af2 elementor-widget__width-initial elementor-widget elementor-widget-text-editor\" data-id=\"3082af2\" data-element_type=\"widget\" data-widget_type=\"text-editor.default\">\n\t\t\t\t<div class=\"elementor-widget-container\">\n\t\t\t\t\t\t\t\t\t<p>Cumprindo a Lei 14.611, de 3 de julho de 2023, o Anota AI publica o Relat\u00f3rio de Transpar\u00eancia e Igualdade Salarial de Mulheres e Homens.<br \/>Cabe esclarecer que esse relat\u00f3rio apresenta informa\u00e7\u00f5es consolidadas pelo Minist\u00e9rio do Trabalho e Emprego (MTE) e foi elaborado levando em conta informa\u00e7\u00f5es do e-Social com data base em 31 de Dezembro de 2025.<br \/>No entanto, \u00e9 importante frisar que a metodologia empregada pelo MTE para obter esses dados envolve a an\u00e1lise dos sal\u00e1rios dos empregados com base na Classifica\u00e7\u00e3o Brasileira de Ocupa\u00e7\u00f5es (CBO), estabelecida pela portaria ministerial n\u00ba 397 de 2002, que categoriza as atividades profissionais no Brasil.<\/p>\t\t\t\t\t\t\t\t<\/div>\n\t\t\t\t<\/div>\n\t\t\t\t\t<\/div>\n\t\t<\/div>\n\t\t\t\t<div class=\"elementor-column elementor-col-50 elementor-inner-column elementor-element elementor-element-2f61998\" data-id=\"2f61998\" data-element_type=\"column\">\n\t\t\t<div class=\"elementor-widget-wrap elementor-element-populated\">\n\t\t\t\t\t\t<div class=\"elementor-element elementor-element-be1b3ca elementor-widget__width-initial elementor-widget elementor-widget-text-editor\" data-id=\"be1b3ca\" data-element_type=\"widget\" data-widget_type=\"text-editor.default\">\n\t\t\t\t<div class=\"elementor-widget-container\">\n\t\t\t\t\t\t\t\t\t<p>Portanto, a metodologia utilizada pode sugerir a exist\u00eancia de eventuais diferen\u00e7as salariais ao n\u00e3o indicar a exist\u00eancia de pessoas que t\u00eam cargos e n\u00edveis de senioridade distintos dentro da empresa.<br \/>O Anota AI esclarece que, diferen\u00e7as salariais podem ser explicadas por alguns fatores como experi\u00eancia profissional, desempenho individual e tempo de servi\u00e7o na empresa e na fun\u00e7\u00e3o.<\/p>\t\t\t\t\t\t\t\t<\/div>\n\t\t\t\t<\/div>\n\t\t\t\t\t<\/div>\n\t\t<\/div>\n\t\t\t\t\t<\/div>\n\t\t<\/section>\n\t\t\t\t\t<\/div>\n\t\t<\/div>\n\t\t\t\t\t<\/div>\n\t\t<\/section>\n\t\t\t\t<section class=\"elementor-section elementor-top-section elementor-element elementor-element-299fdbf elementor-section-boxed elementor-section-height-default elementor-section-height-default\" data-id=\"299fdbf\" data-element_type=\"section\" data-settings=\"{&quot;background_background&quot;:&quot;classic&quot;}\">\n\t\t\t\t\t\t<div class=\"elementor-container elementor-column-gap-default\">\n\t\t\t\t\t<div class=\"elementor-column elementor-col-100 elementor-top-column elementor-element elementor-element-ffb2238\" data-id=\"ffb2238\" data-element_type=\"column\">\n\t\t\t<div class=\"elementor-widget-wrap elementor-element-populated\">\n\t\t\t\t\t\t<div class=\"elementor-element elementor-element-4477ecd elementor-widget elementor-widget-image\" data-id=\"4477ecd\" data-element_type=\"widget\" data-widget_type=\"image.default\">\n\t\t\t\t<div class=\"elementor-widget-container\">\n\t\t\t\t\t\t\t\t\t\t\t\t\t\t\t<img decoding=\"async\" width=\"1122\" height=\"794\" src=\"https:\/\/anota.ai\/home\/wp-content\/uploads\/sites\/4\/2026\/03\/msedge_FnQI4ZvTxz.png\" class=\"attachment-1536x1536 size-1536x1536 wp-image-41115\" alt=\"\" srcset=\"https:\/\/anota.ai\/home\/wp-content\/uploads\/sites\/4\/2026\/03\/msedge_FnQI4ZvTxz.png 1122w, https:\/\/anota.ai\/home\/wp-content\/uploads\/sites\/4\/2026\/03\/msedge_FnQI4ZvTxz-300x212.png 300w, https:\/\/anota.ai\/home\/wp-content\/uploads\/sites\/4\/2026\/03\/msedge_FnQI4ZvTxz-1024x725.png 1024w, https:\/\/anota.ai\/home\/wp-content\/uploads\/sites\/4\/2026\/03\/msedge_FnQI4ZvTxz-768x543.png 768w\" sizes=\"(max-width: 1122px) 100vw, 1122px\" \/>\t\t\t\t\t\t\t\t\t\t\t\t\t\t\t<\/div>\n\t\t\t\t<\/div>\n\t\t\t\t\t<\/div>\n\t\t<\/div>\n\t\t\t\t\t<\/div>\n\t\t<\/section>\n\t\t\t\t<section class=\"elementor-section elementor-top-section elementor-element elementor-element-1156842 elementor-hidden-desktop elementor-hidden-tablet elementor-hidden-mobile elementor-section-boxed elementor-section-height-default elementor-section-height-default\" data-id=\"1156842\" data-element_type=\"section\" data-settings=\"{&quot;background_background&quot;:&quot;classic&quot;}\">\n\t\t\t\t\t\t<div class=\"elementor-container elementor-column-gap-default\">\n\t\t\t\t\t<div class=\"elementor-column elementor-col-100 elementor-top-column elementor-element elementor-element-01ae893\" data-id=\"01ae893\" data-element_type=\"column\">\n\t\t\t<div class=\"elementor-widget-wrap elementor-element-populated\">\n\t\t\t\t\t\t<div class=\"elementor-element elementor-element-933bf6b elementor-widget elementor-widget-spacer\" data-id=\"933bf6b\" data-element_type=\"widget\" data-widget_type=\"spacer.default\">\n\t\t\t\t<div class=\"elementor-widget-container\">\n\t\t\t\t\t\t\t<div class=\"elementor-spacer\">\n\t\t\t<div class=\"elementor-spacer-inner\"><\/div>\n\t\t<\/div>\n\t\t\t\t\t\t<\/div>\n\t\t\t\t<\/div>\n\t\t\t\t<div class=\"elementor-element elementor-element-1aa68e3 elementor-widget elementor-widget-image\" data-id=\"1aa68e3\" data-element_type=\"widget\" data-widget_type=\"image.default\">\n\t\t\t\t<div class=\"elementor-widget-container\">\n\t\t\t\t\t\t\t\t\t\t\t\t\t\t\t<img loading=\"lazy\" decoding=\"async\" width=\"1536\" height=\"1086\" src=\"https:\/\/anota.ai\/home\/wp-content\/uploads\/sites\/4\/2025\/09\/RelatorioIgualdadeSalarialLote_2025_2_27864392000193-1_page-0001-1536x1086.jpg\" class=\"attachment-1536x1536 size-1536x1536 wp-image-39033\" alt=\"\" srcset=\"https:\/\/anota.ai\/home\/wp-content\/uploads\/sites\/4\/2025\/09\/RelatorioIgualdadeSalarialLote_2025_2_27864392000193-1_page-0001-1536x1086.jpg 1536w, https:\/\/anota.ai\/home\/wp-content\/uploads\/sites\/4\/2025\/09\/RelatorioIgualdadeSalarialLote_2025_2_27864392000193-1_page-0001-300x212.jpg 300w, https:\/\/anota.ai\/home\/wp-content\/uploads\/sites\/4\/2025\/09\/RelatorioIgualdadeSalarialLote_2025_2_27864392000193-1_page-0001-1024x724.jpg 1024w, https:\/\/anota.ai\/home\/wp-content\/uploads\/sites\/4\/2025\/09\/RelatorioIgualdadeSalarialLote_2025_2_27864392000193-1_page-0001-768x543.jpg 768w, https:\/\/anota.ai\/home\/wp-content\/uploads\/sites\/4\/2025\/09\/RelatorioIgualdadeSalarialLote_2025_2_27864392000193-1_page-0001-2048x1448.jpg 2048w\" sizes=\"(max-width: 1536px) 100vw, 1536px\" \/>\t\t\t\t\t\t\t\t\t\t\t\t\t\t\t<\/div>\n\t\t\t\t<\/div>\n\t\t\t\t\t<\/div>\n\t\t<\/div>\n\t\t\t\t\t<\/div>\n\t\t<\/section>\n\t\t\t\t<section class=\"elementor-section elementor-top-section elementor-element elementor-element-f3c0dfd elementor-hidden-desktop elementor-hidden-tablet elementor-hidden-mobile elementor-section-boxed elementor-section-height-default elementor-section-height-default\" data-id=\"f3c0dfd\" data-element_type=\"section\" data-settings=\"{&quot;background_background&quot;:&quot;classic&quot;}\">\n\t\t\t\t\t\t<div class=\"elementor-container elementor-column-gap-default\">\n\t\t\t\t\t<div class=\"elementor-column elementor-col-100 elementor-top-column elementor-element elementor-element-a36978e\" data-id=\"a36978e\" data-element_type=\"column\">\n\t\t\t<div class=\"elementor-widget-wrap elementor-element-populated\">\n\t\t\t\t\t\t<div class=\"elementor-element elementor-element-4b038a3 elementor-widget elementor-widget-spacer\" data-id=\"4b038a3\" data-element_type=\"widget\" data-widget_type=\"spacer.default\">\n\t\t\t\t<div class=\"elementor-widget-container\">\n\t\t\t\t\t\t\t<div class=\"elementor-spacer\">\n\t\t\t<div class=\"elementor-spacer-inner\"><\/div>\n\t\t<\/div>\n\t\t\t\t\t\t<\/div>\n\t\t\t\t<\/div>\n\t\t\t\t<div class=\"elementor-element elementor-element-74b6e5f elementor-widget elementor-widget-image\" data-id=\"74b6e5f\" data-element_type=\"widget\" data-widget_type=\"image.default\">\n\t\t\t\t<div class=\"elementor-widget-container\">\n\t\t\t\t\t\t\t\t\t\t\t\t\t\t\t<img loading=\"lazy\" decoding=\"async\" width=\"1536\" height=\"1085\" src=\"https:\/\/anota.ai\/home\/wp-content\/uploads\/sites\/4\/2025\/03\/Comparativo-Salarial-Homens-Mulheres-2025-1536x1085.jpg\" class=\"attachment-1536x1536 size-1536x1536 wp-image-36223\" alt=\"\" srcset=\"https:\/\/anota.ai\/home\/wp-content\/uploads\/sites\/4\/2025\/03\/Comparativo-Salarial-Homens-Mulheres-2025-1536x1085.jpg 1536w, https:\/\/anota.ai\/home\/wp-content\/uploads\/sites\/4\/2025\/03\/Comparativo-Salarial-Homens-Mulheres-2025-300x212.jpg 300w, https:\/\/anota.ai\/home\/wp-content\/uploads\/sites\/4\/2025\/03\/Comparativo-Salarial-Homens-Mulheres-2025-1024x724.jpg 1024w, https:\/\/anota.ai\/home\/wp-content\/uploads\/sites\/4\/2025\/03\/Comparativo-Salarial-Homens-Mulheres-2025-768x543.jpg 768w, https:\/\/anota.ai\/home\/wp-content\/uploads\/sites\/4\/2025\/03\/Comparativo-Salarial-Homens-Mulheres-2025.jpg 1755w\" sizes=\"(max-width: 1536px) 100vw, 1536px\" \/>\t\t\t\t\t\t\t\t\t\t\t\t\t\t\t<\/div>\n\t\t\t\t<\/div>\n\t\t\t\t<div class=\"elementor-element elementor-element-5e71b2e elementor-widget elementor-widget-image\" data-id=\"5e71b2e\" data-element_type=\"widget\" data-widget_type=\"image.default\">\n\t\t\t\t<div class=\"elementor-widget-container\">\n\t\t\t\t\t\t\t\t\t\t\t\t\t\t\t<img loading=\"lazy\" decoding=\"async\" width=\"1536\" height=\"1086\" src=\"https:\/\/anota.ai\/home\/wp-content\/uploads\/sites\/4\/2024\/09\/ANOTA-Relatorio-de-Transparencia-e-Igualdade-Salarial-de-Mulheres-e-Homens-2o-Semestre-2024-1_page-0001-1536x1086.jpg\" class=\"attachment-1536x1536 size-1536x1536 wp-image-32590\" alt=\"\" srcset=\"https:\/\/anota.ai\/home\/wp-content\/uploads\/sites\/4\/2024\/09\/ANOTA-Relatorio-de-Transparencia-e-Igualdade-Salarial-de-Mulheres-e-Homens-2o-Semestre-2024-1_page-0001-1536x1086.jpg 1536w, https:\/\/anota.ai\/home\/wp-content\/uploads\/sites\/4\/2024\/09\/ANOTA-Relatorio-de-Transparencia-e-Igualdade-Salarial-de-Mulheres-e-Homens-2o-Semestre-2024-1_page-0001-300x212.jpg 300w, https:\/\/anota.ai\/home\/wp-content\/uploads\/sites\/4\/2024\/09\/ANOTA-Relatorio-de-Transparencia-e-Igualdade-Salarial-de-Mulheres-e-Homens-2o-Semestre-2024-1_page-0001-1024x724.jpg 1024w, https:\/\/anota.ai\/home\/wp-content\/uploads\/sites\/4\/2024\/09\/ANOTA-Relatorio-de-Transparencia-e-Igualdade-Salarial-de-Mulheres-e-Homens-2o-Semestre-2024-1_page-0001-768x543.jpg 768w, https:\/\/anota.ai\/home\/wp-content\/uploads\/sites\/4\/2024\/09\/ANOTA-Relatorio-de-Transparencia-e-Igualdade-Salarial-de-Mulheres-e-Homens-2o-Semestre-2024-1_page-0001-2048x1447.jpg 2048w\" sizes=\"(max-width: 1536px) 100vw, 1536px\" \/>\t\t\t\t\t\t\t\t\t\t\t\t\t\t\t<\/div>\n\t\t\t\t<\/div>\n\t\t\t\t\t<\/div>\n\t\t<\/div>\n\t\t\t\t\t<\/div>\n\t\t<\/section>\n\t\t\t\t<section class=\"elementor-section elementor-top-section elementor-element elementor-element-e30f123 elementor-hidden-desktop elementor-hidden-tablet elementor-hidden-mobile elementor-section-boxed elementor-section-height-default elementor-section-height-default\" data-id=\"e30f123\" data-element_type=\"section\" data-settings=\"{&quot;background_background&quot;:&quot;classic&quot;}\">\n\t\t\t\t\t\t<div class=\"elementor-container elementor-column-gap-default\">\n\t\t\t\t\t<div class=\"elementor-column elementor-col-100 elementor-top-column elementor-element elementor-element-448721f\" data-id=\"448721f\" data-element_type=\"column\">\n\t\t\t<div class=\"elementor-widget-wrap elementor-element-populated\">\n\t\t\t\t\t\t<div class=\"elementor-element elementor-element-27816f0 elementor-widget elementor-widget-spacer\" data-id=\"27816f0\" data-element_type=\"widget\" data-widget_type=\"spacer.default\">\n\t\t\t\t<div class=\"elementor-widget-container\">\n\t\t\t\t\t\t\t<div class=\"elementor-spacer\">\n\t\t\t<div class=\"elementor-spacer-inner\"><\/div>\n\t\t<\/div>\n\t\t\t\t\t\t<\/div>\n\t\t\t\t<\/div>\n\t\t\t\t<div class=\"elementor-element elementor-element-6f0cf96 elementor-widget elementor-widget-image\" data-id=\"6f0cf96\" data-element_type=\"widget\" data-widget_type=\"image.default\">\n\t\t\t\t<div class=\"elementor-widget-container\">\n\t\t\t\t\t\t\t\t\t\t\t\t\t\t\t<img loading=\"lazy\" decoding=\"async\" width=\"1536\" height=\"1086\" src=\"https:\/\/anota.ai\/home\/wp-content\/uploads\/sites\/4\/2024\/03\/undefined-1.pdf-1536x1086.png\" class=\"attachment-1536x1536 size-1536x1536 wp-image-29581\" alt=\"\" srcset=\"https:\/\/anota.ai\/home\/wp-content\/uploads\/sites\/4\/2024\/03\/undefined-1.pdf-1536x1086.png 1536w, https:\/\/anota.ai\/home\/wp-content\/uploads\/sites\/4\/2024\/03\/undefined-1.pdf-300x212.png 300w, https:\/\/anota.ai\/home\/wp-content\/uploads\/sites\/4\/2024\/03\/undefined-1.pdf-1024x724.png 1024w, https:\/\/anota.ai\/home\/wp-content\/uploads\/sites\/4\/2024\/03\/undefined-1.pdf-768x543.png 768w, https:\/\/anota.ai\/home\/wp-content\/uploads\/sites\/4\/2024\/03\/undefined-1.pdf-2048x1448.png 2048w\" sizes=\"(max-width: 1536px) 100vw, 1536px\" \/>\t\t\t\t\t\t\t\t\t\t\t\t\t\t\t<\/div>\n\t\t\t\t<\/div>\n\t\t\t\t\t<\/div>\n\t\t<\/div>\n\t\t\t\t\t<\/div>\n\t\t<\/section>\n\t\t\t\t<\/div>\n\t\t","protected":false},"excerpt":{"rendered":"<p>Desde 2017 mudando a hist\u00f3ria de milhares de deliveries para melhor, conhe\u00e7a a Anota AI Com a expans\u00e3o dos servi\u00e7os para mais de 14.700 estabelecimentos de deliveries, a empresa agora conta com mais de 100 colaboradores. Desde mar\u00e7o de 2020, a Anota AI trabalha em home office e tem colaboradores em diversos estados do Brasil. [&hellip;]<\/p>\n","protected":false},"author":1,"featured_media":0,"parent":0,"menu_order":0,"comment_status":"closed","ping_status":"closed","template":"elementor_header_footer","meta":{"footnotes":""},"class_list":["post-12887","page","type-page","status-publish","hentry"],"_links":{"self":[{"href":"https:\/\/anota.ai\/home\/wp-json\/wp\/v2\/pages\/12887","targetHints":{"allow":["GET"]}}],"collection":[{"href":"https:\/\/anota.ai\/home\/wp-json\/wp\/v2\/pages"}],"about":[{"href":"https:\/\/anota.ai\/home\/wp-json\/wp\/v2\/types\/page"}],"author":[{"embeddable":true,"href":"https:\/\/anota.ai\/home\/wp-json\/wp\/v2\/users\/1"}],"replies":[{"embeddable":true,"href":"https:\/\/anota.ai\/home\/wp-json\/wp\/v2\/comments?post=12887"}],"version-history":[{"count":49,"href":"https:\/\/anota.ai\/home\/wp-json\/wp\/v2\/pages\/12887\/revisions"}],"predecessor-version":[{"id":41130,"href":"https:\/\/anota.ai\/home\/wp-json\/wp\/v2\/pages\/12887\/revisions\/41130"}],"wp:attachment":[{"href":"https:\/\/anota.ai\/home\/wp-json\/wp\/v2\/media?parent=12887"}],"curies":[{"name":"wp","href":"https:\/\/api.w.org\/{rel}","templated":true}]}}